{"id":41,"date":"2023-06-21T16:39:45","date_gmt":"2023-06-21T16:39:45","guid":{"rendered":"https:\/\/diariodalagoa.pt\/?page_id=41"},"modified":"2026-04-28T00:34:18","modified_gmt":"2026-04-28T00:34:18","slug":"historia","status":"publish","type":"page","link":"https:\/\/diariodalagoa.pt\/fr\/historia\/","title":{"rendered":"Hist\u00f3ria"},"content":{"rendered":"<p data-path-to-node=\"2\">Fundado a 21 de fevereiro de 2014 por Norberto Silveira Lu\u00eds \u2014 jornalista e comunicador radiof\u00f3nico natural do Pico \u2014, o <em>Di\u00e1rio da Lagoa<\/em> colmatou uma lacuna informativa que persistia h\u00e1 sete d\u00e9cadas na costa sul de S\u00e3o Miguel. O nascimento do t\u00edtulo quebrou, efetivamente, um hiato de 77 anos sem publica\u00e7\u00f5es jornal\u00edsticas no concelho.<\/p>\n<p data-path-to-node=\"2\">Iniciado no ecossistema digital, o projeto expandiu-se para o suporte em papel em outubro de 2014, tendo sido impresso pela primeira vez na Tipografia Esperan\u00e7a, a \u00fanica no concelho, afirmando-se hoje como o \u00fanico peri\u00f3dico da localidade com registo na ERC (Entidade Reguladora para a Comunica\u00e7\u00e3o Social). A sua g\u00e9nese, nas palavras do fundador, fixou-se na voca\u00e7\u00e3o de ser um \u201cdi\u00e1rio de mem\u00f3rias\u201d, documentando o quotidiano lagoense sem negligenciar a atualidade da ilha e do arquip\u00e9lago.<\/p>\n<p data-path-to-node=\"2\">Em dezembro de 2019, perante a mudan\u00e7a de ilha de Norberto Lu\u00eds, a continuidade do projeto foi confiada a Sara Sousa Oliveira e Clife Botelho, num processo mediado pelo p\u00e1roco da Matriz da Lagoa, Nuno Maiato. Imbu\u00edda de um sentido de miss\u00e3o \u2014 particularmente num concelho marcado por desafios na literacia e no abandono escolar \u2014, Sara Sousa Oliveira assumiu a Dire\u00e7\u00e3o de Informa\u00e7\u00e3o entre janeiro de 2020 e junho de 2021. Com uma s\u00f3lida experi\u00eancia em \u00f3rg\u00e3os nacionais, a jornalista renovou a imagem gr\u00e1fica e instituiu o lema \u201cnot\u00edcias que contam\u201d, privilegiando um jornalismo narrativo, de proximidade e rigorosamente independente face a agendas externas.<\/p>\n<p data-path-to-node=\"2\">A dire\u00e7\u00e3o transitou, em julho de 2021, para Clife Botelho. Residente na Lagoa, o diretor assegurou o crescimento consolidado do t\u00edtulo, lan\u00e7ando um novo portal digital em 2023 e estreitando la\u00e7os com a di\u00e1spora. Sob a sua \u00e9gide, o jornal firmou uma parceria estrat\u00e9gica com o jornal centen\u00e1rio <i data-path-to-node=\"4\" data-index-in-node=\"287\">A Cren\u00e7a<\/i>, de Vila Franca do Campo, sinergia que se revelou vital para a sustentabilidade de ambos os projetos num cen\u00e1rio de crise no setor dos <em>media<\/em>. Em abril de 2026, Clife Botelho deu por conclu\u00edda a sua miss\u00e3o, devolvendo o testemunho a Sara Sousa Oliveira que, neste novo ciclo, refor\u00e7a a identidade original de registo de mem\u00f3rias, aliando-a ao compromisso com a qualidade informativa e a valoriza\u00e7\u00e3o das hist\u00f3rias locais e a\u00e7orianas em geral.<\/p>\n<p data-path-to-node=\"5\">Operando num modelo colaborativo e sem sede f\u00edsica, o <em>Di\u00e1rio da Lagoa<\/em> utiliza as novas tecnologias para coordenar uma reda\u00e7\u00e3o descentralizada, feita a partir de casa por membros da comunidade. O projeto subsiste e renova-se gra\u00e7as \u00e0 simbiose entre jornalistas, colaboradores e subscritores, enquanto conta igualmente com o apoio de empres\u00e1rios e patrocinadores locais que anunciam nas suas p\u00e1ginas.<\/p>\n<p>Os quatro diretores deste jornal \u2013 Norberto Silveira Lu\u00eds, Suzi Moniz, Clife Botelho e Sara Sousa Oliveira \u2013 bem como os colaboradores que os acompanharam ao longo do tempo, s\u00e3o os respons\u00e1veis pela casa que construiram. Ela conta e continua a contar a hist\u00f3ria da Lagoa, da ilha de S\u00e3o Miguel e dos A\u00e7ores tendo por base todos aqueles que estiveram e estar\u00e3o sempre na sua funda\u00e7\u00e3o: os leitores.<\/p>","protected":false},"excerpt":{"rendered":"<p>Fundado a 21 de fevereiro de 2014 por Norberto Silveira Lu\u00eds \u2014 jornalista e comunicador radiof\u00f3nico natural do Pico \u2014, o Di\u00e1rio da Lagoa colmatou uma lacuna informativa que persistia h\u00e1 sete d\u00e9cadas na costa sul de S\u00e3o Miguel. O nascimento do t\u00edtulo quebrou, efetivamente, um hiato de 77 anos sem publica\u00e7\u00f5es jornal\u00edsticas no concelho. [&hellip;]<\/p>","protected":false},"author":1,"featured_media":0,"parent":0,"menu_order":0,"comment_status":"closed","ping_status":"closed","template":"template-equipa.php","meta":[],"acf":[],"yoast_head":"<!-- This site is optimized with the Yoast SEO plugin v20.10 - https:\/\/yoast.com\/wordpress\/plugins\/seo\/ -->\n<title>Hist\u00f3ria - Di\u00e1rio da Lagoa | Not\u00edcias que Contam<\/title>\n<meta name=\"description\" content=\"O Di\u00e1rio da Lagoa ultrapassou uma d\u00e9cada de exist\u00eancia com o privil\u00e9gio de poder praticar jornalismo que marca a diferen\u00e7a.\" \/>\n<meta name=\"robots\" content=\"index, follow, max-snippet:-1, max-image-preview:large, max-video-preview:-1\" \/>\n<link rel=\"canonical\" href=\"https:\/\/diariodalagoa.pt\/fr\/historia\/\" \/>\n<meta property=\"og:locale\" content=\"fr_FR\" \/>\n<meta property=\"og:type\" content=\"article\" \/>\n<meta property=\"og:title\" content=\"Hist\u00f3ria - Di\u00e1rio da Lagoa | Not\u00edcias que Contam\" \/>\n<meta property=\"og:description\" content=\"O Di\u00e1rio da Lagoa ultrapassou uma d\u00e9cada de exist\u00eancia com o privil\u00e9gio de poder praticar jornalismo que marca a diferen\u00e7a.\" \/>\n<meta property=\"og:url\" content=\"https:\/\/diariodalagoa.pt\/fr\/historia\/\" \/>\n<meta property=\"og:site_name\" content=\"Di\u00e1rio da Lagoa\" \/>\n<meta property=\"article:modified_time\" content=\"2026-04-28T00:34:18+00:00\" \/>\n<meta name=\"twitter:card\" content=\"summary_large_image\" \/>\n<meta name=\"twitter:label1\" content=\"Dur\u00e9e de lecture estim\u00e9e\" \/>\n\t<meta name=\"twitter:data1\" content=\"3 minutes\" \/>\n<script type=\"application\/ld+json\" class=\"yoast-schema-graph\">{\"@context\":\"https:\/\/schema.org\",\"@graph\":[{\"@type\":\"WebPage\",\"@id\":\"https:\/\/diariodalagoa.pt\/historia\/\",\"url\":\"https:\/\/diariodalagoa.pt\/historia\/\",\"name\":\"Hist\u00f3ria - Di\u00e1rio da Lagoa | Not\u00edcias que Contam\",\"isPartOf\":{\"@id\":\"https:\/\/diariodalagoa.pt\/#website\"},\"datePublished\":\"2023-06-21T16:39:45+00:00\",\"dateModified\":\"2026-04-28T00:34:18+00:00\",\"description\":\"O Di\u00e1rio da Lagoa ultrapassou uma d\u00e9cada de exist\u00eancia com o privil\u00e9gio de poder praticar jornalismo que marca a diferen\u00e7a.\",\"breadcrumb\":{\"@id\":\"https:\/\/diariodalagoa.pt\/historia\/#breadcrumb\"},\"inLanguage\":\"fr-FR\",\"potentialAction\":[{\"@type\":\"ReadAction\",\"target\":[\"https:\/\/diariodalagoa.pt\/historia\/\"]}]},{\"@type\":\"BreadcrumbList\",\"@id\":\"https:\/\/diariodalagoa.pt\/historia\/#breadcrumb\",\"itemListElement\":[{\"@type\":\"ListItem\",\"position\":1,\"name\":\"In\u00edcio\",\"item\":\"https:\/\/diariodalagoa.pt\/\"},{\"@type\":\"ListItem\",\"position\":2,\"name\":\"Hist\u00f3ria\"}]},{\"@type\":\"WebSite\",\"@id\":\"https:\/\/diariodalagoa.pt\/#website\",\"url\":\"https:\/\/diariodalagoa.pt\/\",\"name\":\"Di\u00e1rio da Lagoa\",\"description\":\"Di\u00e1rio da Lagoa. As not\u00edcias que contam. A partir da Lagoa, nos A\u00e7ores, para o mundo.\",\"potentialAction\":[{\"@type\":\"SearchAction\",\"target\":{\"@type\":\"EntryPoint\",\"urlTemplate\":\"https:\/\/diariodalagoa.pt\/?s={search_term_string}\"},\"query-input\":\"required name=search_term_string\"}],\"inLanguage\":\"fr-FR\"}]}<\/script>\n<!-- \/ Yoast SEO plugin. -->","yoast_head_json":{"title":"Hist\u00f3ria - Di\u00e1rio da Lagoa | Not\u00edcias que Contam","description":"O Di\u00e1rio da Lagoa ultrapassou uma d\u00e9cada de exist\u00eancia com o privil\u00e9gio de poder praticar jornalismo que marca a diferen\u00e7a.","robots":{"index":"index","follow":"follow","max-snippet":"max-snippet:-1","max-image-preview":"max-image-preview:large","max-video-preview":"max-video-preview:-1"},"canonical":"https:\/\/diariodalagoa.pt\/fr\/historia\/","og_locale":"fr_FR","og_type":"article","og_title":"Hist\u00f3ria - Di\u00e1rio da Lagoa | Not\u00edcias que Contam","og_description":"O Di\u00e1rio da Lagoa ultrapassou uma d\u00e9cada de exist\u00eancia com o privil\u00e9gio de poder praticar jornalismo que marca a diferen\u00e7a.","og_url":"https:\/\/diariodalagoa.pt\/fr\/historia\/","og_site_name":"Di\u00e1rio da Lagoa","article_modified_time":"2026-04-28T00:34:18+00:00","twitter_card":"summary_large_image","twitter_misc":{"Dur\u00e9e de lecture estim\u00e9e":"3 minutes"},"schema":{"@context":"https:\/\/schema.org","@graph":[{"@type":"WebPage","@id":"https:\/\/diariodalagoa.pt\/historia\/","url":"https:\/\/diariodalagoa.pt\/historia\/","name":"Hist\u00f3ria - Di\u00e1rio da Lagoa | Not\u00edcias que Contam","isPartOf":{"@id":"https:\/\/diariodalagoa.pt\/#website"},"datePublished":"2023-06-21T16:39:45+00:00","dateModified":"2026-04-28T00:34:18+00:00","description":"O Di\u00e1rio da Lagoa ultrapassou uma d\u00e9cada de exist\u00eancia com o privil\u00e9gio de poder praticar jornalismo que marca a diferen\u00e7a.","breadcrumb":{"@id":"https:\/\/diariodalagoa.pt\/historia\/#breadcrumb"},"inLanguage":"fr-FR","potentialAction":[{"@type":"ReadAction","target":["https:\/\/diariodalagoa.pt\/historia\/"]}]},{"@type":"BreadcrumbList","@id":"https:\/\/diariodalagoa.pt\/historia\/#breadcrumb","itemListElement":[{"@type":"ListItem","position":1,"name":"In\u00edcio","item":"https:\/\/diariodalagoa.pt\/"},{"@type":"ListItem","position":2,"name":"Hist\u00f3ria"}]},{"@type":"WebSite","@id":"https:\/\/diariodalagoa.pt\/#website","url":"https:\/\/diariodalagoa.pt\/","name":"Di\u00e1rio da Lagoa","description":"Di\u00e1rio da Lagoa. As not\u00edcias que contam. A partir da Lagoa, nos A\u00e7ores, para o mundo.","potentialAction":[{"@type":"SearchAction","target":{"@type":"EntryPoint","urlTemplate":"https:\/\/diariodalagoa.pt\/?s={search_term_string}"},"query-input":"required name=search_term_string"}],"inLanguage":"fr-FR"}]}},"_links":{"self":[{"href":"https:\/\/diariodalagoa.pt\/fr\/wp-json\/wp\/v2\/pages\/41"}],"collection":[{"href":"https:\/\/diariodalagoa.pt\/fr\/wp-json\/wp\/v2\/pages"}],"about":[{"href":"https:\/\/diariodalagoa.pt\/fr\/wp-json\/wp\/v2\/types\/page"}],"author":[{"embeddable":true,"href":"https:\/\/diariodalagoa.pt\/fr\/wp-json\/wp\/v2\/users\/1"}],"replies":[{"embeddable":true,"href":"https:\/\/diariodalagoa.pt\/fr\/wp-json\/wp\/v2\/comments?post=41"}],"version-history":[{"count":79,"href":"https:\/\/diariodalagoa.pt\/fr\/wp-json\/wp\/v2\/pages\/41\/revisions"}],"predecessor-version":[{"id":163543,"href":"https:\/\/diariodalagoa.pt\/fr\/wp-json\/wp\/v2\/pages\/41\/revisions\/163543"}],"wp:attachment":[{"href":"https:\/\/diariodalagoa.pt\/fr\/wp-json\/wp\/v2\/media?parent=41"}],"curies":[{"name":"wp","href":"https:\/\/api.w.org\/{rel}","templated":true}]}}