{"id":246,"date":"2023-06-28T10:41:45","date_gmt":"2023-06-28T10:41:45","guid":{"rendered":"https:\/\/diariodalagoa.pt\/?page_id=246"},"modified":"2026-03-14T12:00:19","modified_gmt":"2026-03-14T12:00:19","slug":"subscricao","status":"publish","type":"page","link":"https:\/\/diariodalagoa.pt\/es\/subscricao\/","title":{"rendered":"not\u00edcias que contam"},"content":{"rendered":"<div class=\"vc_row wpb_row vc_row-fluid\"><div class=\"wpb_column vc_column_container vc_col-sm-12\"><div class=\"vc_column-inner\"><div class=\"wpb_wrapper\">\n\t<div class=\"wpb_text_column wpb_content_element\" >\n\t\t<div class=\"wpb_wrapper\">\n\t\t\t<p><span style=\"color: #808080;\"><strong>Apoie a equipa do <em>Di\u00e1rio da Lagoa<\/em> e tenha acesso a um conjunto de benef\u00edcios<\/strong><\/span><\/p>\n<p>&#8211; Ler o mens\u00e1rio em primeira m\u00e3o, em PDF, antes da sua distribui\u00e7\u00e3o com a <em>newsletter<\/em> e em papel;<br \/>\n&#8211; Consultar o arquivo das edi\u00e7\u00f5es anteriores e acompanhar conte\u00fados exclusivos;<br \/>\n&#8211; Se reside em Portugal, ao subscrever a op\u00e7\u00e3o Anual Digital + Papel, recebe o jornal no conforto da sua morada;<br \/>\n&#8211; Integra\u00e7\u00e3o na nossa comunidade exclusiva de leitores.<\/p>\n<p>O seu apoio \u00e9 fundamental para promovermos a leitura e levarmos at\u00e9 si as not\u00edcias que contam.<br \/>\nJunte-se \u00e0 nossa comunidade de leitores que nos apoiam, participe e fa\u00e7a a diferen\u00e7a.<\/p>\n\n\t\t<\/div>\n\t<\/div>\n<\/div><\/div><\/div><\/div>","protected":false},"excerpt":{"rendered":"Apoie a equipa do Di\u00e1rio da Lagoa e tenha acesso a um conjunto de benef\u00edcios - Ler o mens\u00e1rio em primeira m\u00e3o, em PDF, antes da sua distribui\u00e7\u00e3o com a newsletter e em papel; - Consultar o arquivo das edi\u00e7\u00f5es anteriores e acompanhar conte\u00fados exclusivos; - Se reside em Portugal, ao subscrever a op\u00e7\u00e3o Anual [...]","protected":false},"author":1,"featured_media":0,"parent":0,"menu_order":0,"comment_status":"closed","ping_status":"closed","template":"template-subscricao.php","meta":[],"acf":[],"yoast_head":"<!-- This site is optimized with the Yoast SEO plugin v20.10 - https:\/\/yoast.com\/wordpress\/plugins\/seo\/ -->\n<title>not\u00edcias que contam | Di\u00e1rio da Lagoa - Not\u00edcias que Contam<\/title>\n<meta name=\"description\" content=\"Fa\u00e7a a subscri\u00e7\u00e3o no Di\u00e1rio da Lagoa das &quot;not\u00edcias que contam&quot; e integre-se na nossa comunidade exclusiva de leitores.\" \/>\n<meta name=\"robots\" content=\"index, follow, max-snippet:-1, max-image-preview:large, max-video-preview:-1\" \/>\n<link rel=\"canonical\" href=\"https:\/\/diariodalagoa.pt\/es\/subscricao\/\" \/>\n<meta property=\"og:locale\" content=\"es_ES\" \/>\n<meta property=\"og:type\" content=\"article\" \/>\n<meta property=\"og:title\" content=\"not\u00edcias que contam | Di\u00e1rio da Lagoa - Not\u00edcias que Contam\" \/>\n<meta property=\"og:description\" content=\"Fa\u00e7a a subscri\u00e7\u00e3o no Di\u00e1rio da Lagoa das &quot;not\u00edcias que contam&quot; e integre-se na nossa comunidade exclusiva de leitores.\" \/>\n<meta property=\"og:url\" content=\"https:\/\/diariodalagoa.pt\/es\/subscricao\/\" \/>\n<meta property=\"og:site_name\" content=\"Di\u00e1rio da Lagoa\" \/>\n<meta property=\"article:modified_time\" content=\"2026-03-14T12:00:19+00:00\" \/>\n<meta name=\"twitter:card\" content=\"summary_large_image\" \/>\n<meta name=\"twitter:label1\" content=\"Tiempo de lectura\" \/>\n\t<meta name=\"twitter:data1\" content=\"1 minuto\" \/>\n<script type=\"application\/ld+json\" class=\"yoast-schema-graph\">{\"@context\":\"https:\/\/schema.org\",\"@graph\":[{\"@type\":\"WebPage\",\"@id\":\"https:\/\/diariodalagoa.pt\/subscricao\/\",\"url\":\"https:\/\/diariodalagoa.pt\/subscricao\/\",\"name\":\"not\u00edcias que contam | Di\u00e1rio da Lagoa - Not\u00edcias que Contam\",\"isPartOf\":{\"@id\":\"https:\/\/diariodalagoa.pt\/#website\"},\"datePublished\":\"2023-06-28T10:41:45+00:00\",\"dateModified\":\"2026-03-14T12:00:19+00:00\",\"description\":\"Fa\u00e7a a subscri\u00e7\u00e3o no Di\u00e1rio da Lagoa das \\\"not\u00edcias que contam\\\" e integre-se na nossa comunidade exclusiva de leitores.\",\"breadcrumb\":{\"@id\":\"https:\/\/diariodalagoa.pt\/subscricao\/#breadcrumb\"},\"inLanguage\":\"es\",\"potentialAction\":[{\"@type\":\"ReadAction\",\"target\":[\"https:\/\/diariodalagoa.pt\/subscricao\/\"]}]},{\"@type\":\"BreadcrumbList\",\"@id\":\"https:\/\/diariodalagoa.pt\/subscricao\/#breadcrumb\",\"itemListElement\":[{\"@type\":\"ListItem\",\"position\":1,\"name\":\"In\u00edcio\",\"item\":\"https:\/\/diariodalagoa.pt\/\"},{\"@type\":\"ListItem\",\"position\":2,\"name\":\"not\u00edcias que contam\"}]},{\"@type\":\"WebSite\",\"@id\":\"https:\/\/diariodalagoa.pt\/#website\",\"url\":\"https:\/\/diariodalagoa.pt\/\",\"name\":\"Di\u00e1rio da Lagoa\",\"description\":\"Di\u00e1rio da Lagoa. As not\u00edcias que contam. A partir da Lagoa, nos A\u00e7ores, para o mundo.\",\"potentialAction\":[{\"@type\":\"SearchAction\",\"target\":{\"@type\":\"EntryPoint\",\"urlTemplate\":\"https:\/\/diariodalagoa.pt\/?s={search_term_string}\"},\"query-input\":\"required name=search_term_string\"}],\"inLanguage\":\"es\"}]}<\/script>\n<!-- \/ Yoast SEO plugin. -->","yoast_head_json":{"title":"not\u00edcias que contam | Di\u00e1rio da Lagoa - Not\u00edcias que Contam","description":"Fa\u00e7a a subscri\u00e7\u00e3o no Di\u00e1rio da Lagoa das \"not\u00edcias que contam\" e integre-se na nossa comunidade exclusiva de leitores.","robots":{"index":"index","follow":"follow","max-snippet":"max-snippet:-1","max-image-preview":"max-image-preview:large","max-video-preview":"max-video-preview:-1"},"canonical":"https:\/\/diariodalagoa.pt\/es\/subscricao\/","og_locale":"es_ES","og_type":"article","og_title":"not\u00edcias que contam | Di\u00e1rio da Lagoa - Not\u00edcias que Contam","og_description":"Fa\u00e7a a subscri\u00e7\u00e3o no Di\u00e1rio da Lagoa das \"not\u00edcias que contam\" e integre-se na nossa comunidade exclusiva de leitores.","og_url":"https:\/\/diariodalagoa.pt\/es\/subscricao\/","og_site_name":"Di\u00e1rio da Lagoa","article_modified_time":"2026-03-14T12:00:19+00:00","twitter_card":"summary_large_image","twitter_misc":{"Tiempo de lectura":"1 minuto"},"schema":{"@context":"https:\/\/schema.org","@graph":[{"@type":"WebPage","@id":"https:\/\/diariodalagoa.pt\/subscricao\/","url":"https:\/\/diariodalagoa.pt\/subscricao\/","name":"not\u00edcias que contam | Di\u00e1rio da Lagoa - Not\u00edcias que Contam","isPartOf":{"@id":"https:\/\/diariodalagoa.pt\/#website"},"datePublished":"2023-06-28T10:41:45+00:00","dateModified":"2026-03-14T12:00:19+00:00","description":"Fa\u00e7a a subscri\u00e7\u00e3o no Di\u00e1rio da Lagoa das \"not\u00edcias que contam\" e integre-se na nossa comunidade exclusiva de leitores.","breadcrumb":{"@id":"https:\/\/diariodalagoa.pt\/subscricao\/#breadcrumb"},"inLanguage":"es","potentialAction":[{"@type":"ReadAction","target":["https:\/\/diariodalagoa.pt\/subscricao\/"]}]},{"@type":"BreadcrumbList","@id":"https:\/\/diariodalagoa.pt\/subscricao\/#breadcrumb","itemListElement":[{"@type":"ListItem","position":1,"name":"In\u00edcio","item":"https:\/\/diariodalagoa.pt\/"},{"@type":"ListItem","position":2,"name":"not\u00edcias que contam"}]},{"@type":"WebSite","@id":"https:\/\/diariodalagoa.pt\/#website","url":"https:\/\/diariodalagoa.pt\/","name":"Di\u00e1rio da Lagoa","description":"Di\u00e1rio da Lagoa. As not\u00edcias que contam. A partir da Lagoa, nos A\u00e7ores, para o mundo.","potentialAction":[{"@type":"SearchAction","target":{"@type":"EntryPoint","urlTemplate":"https:\/\/diariodalagoa.pt\/?s={search_term_string}"},"query-input":"required name=search_term_string"}],"inLanguage":"es"}]}},"_links":{"self":[{"href":"https:\/\/diariodalagoa.pt\/es\/wp-json\/wp\/v2\/pages\/246"}],"collection":[{"href":"https:\/\/diariodalagoa.pt\/es\/wp-json\/wp\/v2\/pages"}],"about":[{"href":"https:\/\/diariodalagoa.pt\/es\/wp-json\/wp\/v2\/types\/page"}],"author":[{"embeddable":true,"href":"https:\/\/diariodalagoa.pt\/es\/wp-json\/wp\/v2\/users\/1"}],"replies":[{"embeddable":true,"href":"https:\/\/diariodalagoa.pt\/es\/wp-json\/wp\/v2\/comments?post=246"}],"version-history":[{"count":171,"href":"https:\/\/diariodalagoa.pt\/es\/wp-json\/wp\/v2\/pages\/246\/revisions"}],"predecessor-version":[{"id":162259,"href":"https:\/\/diariodalagoa.pt\/es\/wp-json\/wp\/v2\/pages\/246\/revisions\/162259"}],"wp:attachment":[{"href":"https:\/\/diariodalagoa.pt\/es\/wp-json\/wp\/v2\/media?parent=246"}],"curies":[{"name":"wp","href":"https:\/\/api.w.org\/{rel}","templated":true}]}}