{"id":47,"date":"2023-06-21T16:40:08","date_gmt":"2023-06-21T16:40:08","guid":{"rendered":"https:\/\/diariodalagoa.pt\/?page_id=47"},"modified":"2025-08-27T23:55:14","modified_gmt":"2025-08-27T23:55:14","slug":"politica-de-privacidade","status":"publish","type":"page","link":"https:\/\/diariodalagoa.pt\/en\/politica-de-privacidade\/","title":{"rendered":"Privacy Policy"},"content":{"rendered":"<div class=\"vc_row wpb_row vc_row-fluid\"><div class=\"wpb_column vc_column_container vc_col-sm-12\"><div class=\"vc_column-inner\"><div class=\"wpb_wrapper\">\n\t<div class=\"wpb_text_column wpb_content_element\" >\n\t\t<div class=\"wpb_wrapper\">\n\t\t\t<h3>About us<\/h3>\n<p>O endere\u00e7o do nosso site \u00e9: www.diariodalagoa.pt<\/p>\n<p>DI\u00c1RIO DA LAGOA is a periodical publication with online and printed editions, whose title belongs to NARRATIVA FREQUENTES UNIPESSOAL, LDA., registered with NIPC 515752304 and based in Lagoa, Azores.<\/p>\n<p>NARRATIVA FREQUENTE considers that the privacy and confidentiality of your personal data is a universal right, so we strive to protect your privacy and confidentiality online by adopting data protection tools.<\/p>\n<h4>What personal data is collected and how it is collected<\/h4>\n<p>All personal information relating to members, subscribers, customers or visitors who visit the LAGOA DAILY website will be treated in accordance with the national legislation and the Personal Data Protection Regulation 2016\/679 of the European Parliament and of the Council of 27 April 2016, applicable.<\/p>\n<p>NARRATIVA FREQUENTE may collect personal data for the performance of one or more functions, requested activities, access to our products and services, so the collection of data will only be carried out by legal and fair means.<\/p>\n<p>The DI\u00c1RIO DA LAGOA website may request that you provide additional information not required to better know the consumer or conduct direct marketing. You are free to respond to any of these requests for additional information.<\/p>\n<p>User information is used to understand visitor traffic patterns on the website to improve ease of use.<\/p>\n<p>The information (name, address, e-mail, etc.) will be stored securely, and kept confidential and never disclosed without your prior authorization, except when required by law or court order.<\/p>\n<h3>Comments<\/h3>\n<p>When visitors leave comments on the site, the data present in the comments form, as well as the IP address and the browser user agent, are saved to help with the detection of\u00a0<em>spam<\/em>.<\/p>\n<p class=\" translation-block\">An anonymous <em>string<\/em> created from your email address (also referred to as <em>hash<\/em>) can be sent to the <em>Gravatar<\/em> service to verify that you are using it. The privacy policy of the <em>Gravatar<\/em> service is available here: https:\/\/automattic.com\/privacy\/ After your comment is approved, your profile photo is visible to the public in the context of your comment.<\/p>\n<h3>Multimedia<\/h3>\n<p>When uploading images to the website, you should avoid uploading images with embedded geolocation data (EXIF GPS). Visitors can download and extract geolocation data from site images.<\/p>\n<h3>Cookies<\/h3>\n<p class=\" translation-block\">If you leave a comment on our website you can choose to save your name, email address and website to <em>cookies. This is for your convenience so you don\u2019t have to re-enter your details when you leave another comment. These <em>cookies will last a year.<\/p>\n<p class=\" translation-block\">If you have an account and log in to this site, a temporary <em>cookie<\/em> will be set to determine whether your browser accepts cookies. This <em>cookie<\/em> does not contain personal data and will be deleted when closing your browser.<\/p>\n<p class=\" translation-block\">When you log in, some cookies will be set to save your session information and your screen display choices. Login cookies last for one year. If you select \"Remember me\", your session will persist for two weeks. When logged out, login <em>cookies<\/em> will be removed.<\/p>\n<p class=\" translation-block\">If you edit or publish an article, an additional <em>cookie<\/em> will be saved in your browser. This cookie does not include personal data only indicates the content ID of the article you have just edited. It expires after 1 day.<\/p>\n<h3>Embedded content from other sites<\/h3>\n<p>Articles on this site may include embedded content (for example: videos, images, articles, etc.). Embedded content from other sites behaves as if the user were visiting those sites.<\/p>\n<p class=\" translation-block\">This site may collect data about you, use <em>cookies, incorporate tracking by third parties, track your interactions with it, including recording interactions with embedded content if you have an account and are logged into that site.<\/p>\n<p>If you leave a comment, the comment and its metadata are stored indefinitely. This is so that you can automatically recognize and approve any subsequent comments instead of putting them in a moderation queue.<\/p>\n<p>For users who register on our website (if any), we store the personal information provided in your user profile. All users can view, edit, or delete their personal information at any time (except that they cannot change their username). Site administrators can also view and edit this information.<\/p>\n<h3>What rights do you have over your data<\/h3>\n<p>If you have an account on this site, or have left comments, you can request to receive an export file with the personal data stored about you, including any personal data you have provided. You can also request that the stored data be deleted. This does not include any personal data that is required to be kept for administrative, legal or security purposes.<\/p>\n<h3>Where your data is sent<\/h3>\n<p class=\" translation-block\">Visitor comments can be checked through an automatic <em>spam<\/em> detection service.<\/p>\n<p>For your safety, it is important to note that at no time we request information such as Credit Card number, Account and Bank password and we do not send communication requesting this type of data.<\/p>\n<p class=\" translation-block\">During your visit to our website, you may find links to third party websites. NARRATIVA FREQUENTE is not responsible for the privacy, security and content policies of such websites, and cannot be held responsible for any loss and damage suffered due to the use of referred <em>links <em> or <em>frames<\/em>. We recommend that you read the Privacy Policy of any <em>website<\/em> before you start browsing.<\/p>\n<p class=\" translation-block\">The sending of some personal information registered in this <em>website<\/em> takes place through the Public Internet. At all data collection points of the website we try to keep the alert so that no data will navigate in an unsafe environment without prior knowledge of the user.<\/p>\n<p class=\" translation-block\">The FREQUENT NARRATIVE can receive data from the social network of Facebook, the tool through which comments are made, and from the tool <em>Google Analytics <em>, for statistical purposes.<\/p>\n<p>FREQUENT NARRATIVE does not intentionally collect (or distinguish) data from minors under the age of 16. However, with the information that data were collected from minors, the FREQUENT NARRATIVE will immediately proceed to eliminate them.<\/p>\n<p>Quaisquer aspetos relacionados com o tratamento de dados pessoais e o exerc\u00edcio dos direitos dos titulares dos dados pessoais dever\u00e3o ser direcionados para o seguinte e-mail: jornal@diariodalagoa.pt<\/p>\n<p>NARRATIVA FREQUENTE reserves the right to change its Privacy Policy described on this page, so we advise you to visit this address frequently. We consider that users are aware of these policies when browsing the Di\u00e1rio da Lagoa website.<\/p>\n\n\t\t<\/div>\n\t<\/div>\n<\/div><\/div><\/div><\/div>","protected":false},"excerpt":{"rendered":"Quem somos O endere\u00e7o do nosso site \u00e9: www.diariodalagoa.pt DI\u00c1RIO DA LAGOA \u00e9 uma publica\u00e7\u00e3o peri\u00f3dica com edi\u00e7\u00f5es online e impressa, cujo t\u00edtulo pertence \u00e0 NARRATIVA FREQUENTE UNIPESSOAL, LDA., registada com o NIPC 515752304 e com sede em Lagoa, A\u00e7ores. A NARRATIVA FREQUENTE considera que a privacidade e a confidencialidade dos seus dados pessoais s\u00e3o [...]","protected":false},"author":1,"featured_media":0,"parent":0,"menu_order":0,"comment_status":"closed","ping_status":"closed","template":"","meta":[],"acf":[],"yoast_head":"<!-- This site is optimized with the Yoast SEO plugin v20.10 - https:\/\/yoast.com\/wordpress\/plugins\/seo\/ -->\n<title>Pol\u00edtica de Privacidade - Di\u00e1rio da Lagoa<\/title>\n<meta name=\"description\" content=\"DI\u00c1RIO DA LAGOA \u00e9 uma publica\u00e7\u00e3o peri\u00f3dica com edi\u00e7\u00f5es online e impressa. Por favor, leia a nossa pol\u00edtica de privacidade.\" \/>\n<meta name=\"robots\" content=\"index, follow, max-snippet:-1, max-image-preview:large, max-video-preview:-1\" \/>\n<link rel=\"canonical\" href=\"https:\/\/diariodalagoa.pt\/en\/politica-de-privacidade\/\" \/>\n<meta property=\"og:locale\" content=\"en_US\" \/>\n<meta property=\"og:type\" content=\"article\" \/>\n<meta property=\"og:title\" content=\"Pol\u00edtica de Privacidade - Di\u00e1rio da Lagoa\" \/>\n<meta property=\"og:description\" content=\"DI\u00c1RIO DA LAGOA \u00e9 uma publica\u00e7\u00e3o peri\u00f3dica com edi\u00e7\u00f5es online e impressa. Por favor, leia a nossa pol\u00edtica de privacidade.\" \/>\n<meta property=\"og:url\" content=\"https:\/\/diariodalagoa.pt\/en\/politica-de-privacidade\/\" \/>\n<meta property=\"og:site_name\" content=\"Di\u00e1rio da Lagoa\" \/>\n<meta property=\"article:modified_time\" content=\"2025-08-27T23:55:14+00:00\" \/>\n<meta name=\"twitter:card\" content=\"summary_large_image\" \/>\n<meta name=\"twitter:label1\" content=\"Est. reading time\" \/>\n\t<meta name=\"twitter:data1\" content=\"7 minutes\" \/>\n<script type=\"application\/ld+json\" class=\"yoast-schema-graph\">{\"@context\":\"https:\/\/schema.org\",\"@graph\":[{\"@type\":\"WebPage\",\"@id\":\"https:\/\/diariodalagoa.pt\/politica-de-privacidade\/\",\"url\":\"https:\/\/diariodalagoa.pt\/politica-de-privacidade\/\",\"name\":\"Pol\u00edtica de Privacidade - Di\u00e1rio da Lagoa\",\"isPartOf\":{\"@id\":\"https:\/\/diariodalagoa.pt\/#website\"},\"datePublished\":\"2023-06-21T16:40:08+00:00\",\"dateModified\":\"2025-08-27T23:55:14+00:00\",\"description\":\"DI\u00c1RIO DA LAGOA \u00e9 uma publica\u00e7\u00e3o peri\u00f3dica com edi\u00e7\u00f5es online e impressa. Por favor, leia a nossa pol\u00edtica de privacidade.\",\"breadcrumb\":{\"@id\":\"https:\/\/diariodalagoa.pt\/politica-de-privacidade\/#breadcrumb\"},\"inLanguage\":\"en-US\",\"potentialAction\":[{\"@type\":\"ReadAction\",\"target\":[\"https:\/\/diariodalagoa.pt\/politica-de-privacidade\/\"]}]},{\"@type\":\"BreadcrumbList\",\"@id\":\"https:\/\/diariodalagoa.pt\/politica-de-privacidade\/#breadcrumb\",\"itemListElement\":[{\"@type\":\"ListItem\",\"position\":1,\"name\":\"In\u00edcio\",\"item\":\"https:\/\/diariodalagoa.pt\/\"},{\"@type\":\"ListItem\",\"position\":2,\"name\":\"Pol\u00edtica de Privacidade\"}]},{\"@type\":\"WebSite\",\"@id\":\"https:\/\/diariodalagoa.pt\/#website\",\"url\":\"https:\/\/diariodalagoa.pt\/\",\"name\":\"Di\u00e1rio da Lagoa\",\"description\":\"Di\u00e1rio da Lagoa. As not\u00edcias que contam. A partir da Lagoa, nos A\u00e7ores, para o mundo.\",\"potentialAction\":[{\"@type\":\"SearchAction\",\"target\":{\"@type\":\"EntryPoint\",\"urlTemplate\":\"https:\/\/diariodalagoa.pt\/?s={search_term_string}\"},\"query-input\":\"required name=search_term_string\"}],\"inLanguage\":\"en-US\"}]}<\/script>\n<!-- \/ Yoast SEO plugin. -->","yoast_head_json":{"title":"Pol\u00edtica de Privacidade - Di\u00e1rio da Lagoa","description":"DI\u00c1RIO DA LAGOA \u00e9 uma publica\u00e7\u00e3o peri\u00f3dica com edi\u00e7\u00f5es online e impressa. Por favor, leia a nossa pol\u00edtica de privacidade.","robots":{"index":"index","follow":"follow","max-snippet":"max-snippet:-1","max-image-preview":"max-image-preview:large","max-video-preview":"max-video-preview:-1"},"canonical":"https:\/\/diariodalagoa.pt\/en\/politica-de-privacidade\/","og_locale":"en_US","og_type":"article","og_title":"Pol\u00edtica de Privacidade - Di\u00e1rio da Lagoa","og_description":"DI\u00c1RIO DA LAGOA \u00e9 uma publica\u00e7\u00e3o peri\u00f3dica com edi\u00e7\u00f5es online e impressa. Por favor, leia a nossa pol\u00edtica de privacidade.","og_url":"https:\/\/diariodalagoa.pt\/en\/politica-de-privacidade\/","og_site_name":"Di\u00e1rio da Lagoa","article_modified_time":"2025-08-27T23:55:14+00:00","twitter_card":"summary_large_image","twitter_misc":{"Est. reading time":"7 minutes"},"schema":{"@context":"https:\/\/schema.org","@graph":[{"@type":"WebPage","@id":"https:\/\/diariodalagoa.pt\/politica-de-privacidade\/","url":"https:\/\/diariodalagoa.pt\/politica-de-privacidade\/","name":"Pol\u00edtica de Privacidade - Di\u00e1rio da Lagoa","isPartOf":{"@id":"https:\/\/diariodalagoa.pt\/#website"},"datePublished":"2023-06-21T16:40:08+00:00","dateModified":"2025-08-27T23:55:14+00:00","description":"DI\u00c1RIO DA LAGOA \u00e9 uma publica\u00e7\u00e3o peri\u00f3dica com edi\u00e7\u00f5es online e impressa. Por favor, leia a nossa pol\u00edtica de privacidade.","breadcrumb":{"@id":"https:\/\/diariodalagoa.pt\/politica-de-privacidade\/#breadcrumb"},"inLanguage":"en-US","potentialAction":[{"@type":"ReadAction","target":["https:\/\/diariodalagoa.pt\/politica-de-privacidade\/"]}]},{"@type":"BreadcrumbList","@id":"https:\/\/diariodalagoa.pt\/politica-de-privacidade\/#breadcrumb","itemListElement":[{"@type":"ListItem","position":1,"name":"In\u00edcio","item":"https:\/\/diariodalagoa.pt\/"},{"@type":"ListItem","position":2,"name":"Pol\u00edtica de Privacidade"}]},{"@type":"WebSite","@id":"https:\/\/diariodalagoa.pt\/#website","url":"https:\/\/diariodalagoa.pt\/","name":"Di\u00e1rio da Lagoa","description":"Di\u00e1rio da Lagoa. As not\u00edcias que contam. A partir da Lagoa, nos A\u00e7ores, para o mundo.","potentialAction":[{"@type":"SearchAction","target":{"@type":"EntryPoint","urlTemplate":"https:\/\/diariodalagoa.pt\/?s={search_term_string}"},"query-input":"required name=search_term_string"}],"inLanguage":"en-US"}]}},"_links":{"self":[{"href":"https:\/\/diariodalagoa.pt\/en\/wp-json\/wp\/v2\/pages\/47"}],"collection":[{"href":"https:\/\/diariodalagoa.pt\/en\/wp-json\/wp\/v2\/pages"}],"about":[{"href":"https:\/\/diariodalagoa.pt\/en\/wp-json\/wp\/v2\/types\/page"}],"author":[{"embeddable":true,"href":"https:\/\/diariodalagoa.pt\/en\/wp-json\/wp\/v2\/users\/1"}],"replies":[{"embeddable":true,"href":"https:\/\/diariodalagoa.pt\/en\/wp-json\/wp\/v2\/comments?post=47"}],"version-history":[{"count":3,"href":"https:\/\/diariodalagoa.pt\/en\/wp-json\/wp\/v2\/pages\/47\/revisions"}],"predecessor-version":[{"id":158405,"href":"https:\/\/diariodalagoa.pt\/en\/wp-json\/wp\/v2\/pages\/47\/revisions\/158405"}],"wp:attachment":[{"href":"https:\/\/diariodalagoa.pt\/en\/wp-json\/wp\/v2\/media?parent=47"}],"curies":[{"name":"wp","href":"https:\/\/api.w.org\/{rel}","templated":true}]}}