{"id":45,"date":"2023-06-21T16:40:00","date_gmt":"2023-06-21T16:40:00","guid":{"rendered":"https:\/\/diariodalagoa.pt\/?page_id=45"},"modified":"2026-04-16T17:25:42","modified_gmt":"2026-04-16T17:25:42","slug":"ficha-tecnica","status":"publish","type":"page","link":"https:\/\/diariodalagoa.pt\/en\/ficha-tecnica\/","title":{"rendered":"Technical Data Sheet"},"content":{"rendered":"<div class=\"vc_row wpb_row vc_row-fluid\"><div class=\"wpb_column vc_column_container vc_col-sm-6\"><div class=\"vc_column-inner\"><div class=\"wpb_wrapper\">\n\t<div class=\"wpb_text_column wpb_content_element\" >\n\t\t<div class=\"wpb_wrapper\">\n\t\t\t<p><span style=\"color: #808080;\"><strong>Informa\u00e7\u00f5es gerais<\/strong><\/span><\/p>\n<p><strong>Publication Title<br \/>\n<\/strong>Di\u00e1rio da Lagoa<br \/>\n<strong><br \/>\nFounder<br \/>\n<\/strong>Norberto Silveira Lu\u00eds<br \/>\n<strong><br \/>\nDate of foundation<br \/>\n<\/strong>21 de fevereiro de 2014<br \/>\n<strong><br \/>\nRegistration number of the title<br \/>\n<\/strong>126473<\/p>\n<p><strong>Editorial Statute<\/strong><br \/>\n<a href=\"https:\/\/diariodalagoa.pt\/en\/estatuto-editorial\/\">Consult here<\/a><\/p>\n<p><b>Tiragem mensal<br \/>\n<\/b>1,000 copies<br \/>\n<b><br \/>\n<span style=\"color: #808080;\">Equipa editorial e t\u00e9cnica<\/span><\/b><\/p>\n<p><strong>Diretora<\/strong><br \/>\nSara Sousa Oliveira (C 6193)<\/p>\n<p><b>Jornalistas<\/b><b> e colaboradores<\/b><br \/>\nBeatriz Moreira da Silva (CO 1519)<br \/>\nCarina Silva (CO 1510)<br \/>\n\u00cdgor Lopes (C 7108)<b><br \/>\n<\/b><\/p>\n<p><b>Fotografia<br \/>\n<\/b>Ac\u00e1cio Mateus<br \/>\nRicardo Filipe<\/p>\n<p><b>Design<\/b><b><br \/>\n<\/b>Carla Vieira<\/p>\n<p><b>Pagina\u00e7\u00e3o<br \/>\n<\/b>Cl\u00e1udio Borges<\/p>\n<p><b><span style=\"color: #808080;\">Localiza\u00e7\u00e3o e produ\u00e7\u00e3o<\/span><\/b><\/p>\n<p><strong>Redaction<\/strong><br \/>\nRua do Esp\u00edrito Santo, 6A<br \/>\n9560-079 Lagoa<\/p>\n<p><b>Apoio \u00e0 Reda\u00e7\u00e3o<br \/>\n<\/b>Tipografia A Cren\u00e7a<br \/>\nRua Gon\u00e7alo Velho, 38<br \/>\n9680-157 Vila Franca do Campo<b><\/b><\/p>\n<p><strong>Print<\/strong><br \/>\nCoingra \u2013 Companhia Gr\u00e1fica dos A\u00e7ores, Lda.<br \/>\nParque Industrial da Ribeira Grande, Lote 33<br \/>\n9600-499 Ribeira Grande<\/p>\n\n\t\t<\/div>\n\t<\/div>\n<\/div><\/div><\/div><div class=\"wpb_column vc_column_container vc_col-sm-6\"><div class=\"vc_column-inner\"><div class=\"wpb_wrapper\">\n\t<div class=\"wpb_text_column wpb_content_element\" >\n\t\t<div class=\"wpb_wrapper\">\n\t\t\t<p><strong>Propriedade\/Editora<\/strong><br \/>\nNarrativa Frequente Unipessoal, Lda.<\/p>\n<p><strong>Headquarters and Publisher<\/strong><br \/>\nRua do Esp\u00edrito Santo, 6A<br \/>\n9560-079 Lagoa<br \/>\nS\u00e3o Miguel, A\u00e7ores<\/p>\n<p><strong>Legal entity identification number<\/strong><br \/>\n515752304<\/p>\n<p><strong>Capital Stock of the Owning Entity<\/strong><br \/>\n1.000,00 euros<\/p>\n<p><strong>Holders of more than 5% of the share capital and management<\/strong><br \/>\nClife Botelho (100%)<\/p>\n\n\t\t<\/div>\n\t<\/div>\n\n\t<div  class=\"wpb_single_image wpb_content_element vc_align_left\">\n\t\t\n\t\t<figure class=\"wpb_wrapper vc_figure\">\n\t\t\t<div class=\"vc_single_image-wrapper   vc_box_border_grey\"><img width=\"300\" height=\"90\" src=\"https:\/\/diariodalagoa.pt\/wp-content\/uploads\/2023\/06\/promedia-1.jpg\" class=\"vc_single_image-img attachment-full\" alt=\"\" decoding=\"async\" \/><\/div>\n\t\t<\/figure>\n\t<\/div>\n<\/div><\/div><\/div><\/div>","protected":false},"excerpt":{"rendered":"Informa\u00e7\u00f5es gerais T\u00edtulo da publica\u00e7\u00e3o Di\u00e1rio da Lagoa Fundador Norberto Silveira Lu\u00eds Data da funda\u00e7\u00e3o 21 de fevereiro de 2014 N\u00famero de registo do t\u00edtulo 126473 Estatuto editorial Consulte aqui Tiragem mensal 1.000 exemplares Equipa editorial e t\u00e9cnica Diretora Sara Sousa Oliveira (C 6193) Jornalistas e colaboradores Beatriz Moreira da Silva (CO 1519) Carina Silva [...]","protected":false},"author":1,"featured_media":0,"parent":0,"menu_order":0,"comment_status":"closed","ping_status":"closed","template":"","meta":[],"acf":[],"yoast_head":"<!-- This site is optimized with the Yoast SEO plugin v20.10 - https:\/\/yoast.com\/wordpress\/plugins\/seo\/ -->\n<title>Ficha T\u00e9cnica - Di\u00e1rio da Lagoa<\/title>\n<meta name=\"description\" content=\"Descubra na nossa ficha t\u00e9cnica todos os elementos que descrevem a constitui\u00e7\u00e3o do Di\u00e1rio da Lagoa. Dos A\u00e7ores para o mundo.\" \/>\n<meta name=\"robots\" content=\"index, follow, max-snippet:-1, max-image-preview:large, max-video-preview:-1\" \/>\n<link rel=\"canonical\" href=\"https:\/\/diariodalagoa.pt\/en\/ficha-tecnica\/\" \/>\n<meta property=\"og:locale\" content=\"en_US\" \/>\n<meta property=\"og:type\" content=\"article\" \/>\n<meta property=\"og:title\" content=\"Ficha T\u00e9cnica - Di\u00e1rio da Lagoa\" \/>\n<meta property=\"og:description\" content=\"Descubra na nossa ficha t\u00e9cnica todos os elementos que descrevem a constitui\u00e7\u00e3o do Di\u00e1rio da Lagoa. Dos A\u00e7ores para o mundo.\" \/>\n<meta property=\"og:url\" content=\"https:\/\/diariodalagoa.pt\/en\/ficha-tecnica\/\" \/>\n<meta property=\"og:site_name\" content=\"Di\u00e1rio da Lagoa\" \/>\n<meta property=\"article:modified_time\" content=\"2026-04-16T17:25:42+00:00\" \/>\n<meta name=\"twitter:card\" content=\"summary_large_image\" \/>\n<meta name=\"twitter:label1\" content=\"Est. reading time\" \/>\n\t<meta name=\"twitter:data1\" content=\"1 minute\" \/>\n<script type=\"application\/ld+json\" class=\"yoast-schema-graph\">{\"@context\":\"https:\/\/schema.org\",\"@graph\":[{\"@type\":\"WebPage\",\"@id\":\"https:\/\/diariodalagoa.pt\/ficha-tecnica\/\",\"url\":\"https:\/\/diariodalagoa.pt\/ficha-tecnica\/\",\"name\":\"Ficha T\u00e9cnica - Di\u00e1rio da Lagoa\",\"isPartOf\":{\"@id\":\"https:\/\/diariodalagoa.pt\/#website\"},\"datePublished\":\"2023-06-21T16:40:00+00:00\",\"dateModified\":\"2026-04-16T17:25:42+00:00\",\"description\":\"Descubra na nossa ficha t\u00e9cnica todos os elementos que descrevem a constitui\u00e7\u00e3o do Di\u00e1rio da Lagoa. Dos A\u00e7ores para o mundo.\",\"breadcrumb\":{\"@id\":\"https:\/\/diariodalagoa.pt\/ficha-tecnica\/#breadcrumb\"},\"inLanguage\":\"en-US\",\"potentialAction\":[{\"@type\":\"ReadAction\",\"target\":[\"https:\/\/diariodalagoa.pt\/ficha-tecnica\/\"]}]},{\"@type\":\"BreadcrumbList\",\"@id\":\"https:\/\/diariodalagoa.pt\/ficha-tecnica\/#breadcrumb\",\"itemListElement\":[{\"@type\":\"ListItem\",\"position\":1,\"name\":\"In\u00edcio\",\"item\":\"https:\/\/diariodalagoa.pt\/\"},{\"@type\":\"ListItem\",\"position\":2,\"name\":\"Ficha T\u00e9cnica\"}]},{\"@type\":\"WebSite\",\"@id\":\"https:\/\/diariodalagoa.pt\/#website\",\"url\":\"https:\/\/diariodalagoa.pt\/\",\"name\":\"Di\u00e1rio da Lagoa\",\"description\":\"Di\u00e1rio da Lagoa. As not\u00edcias que contam. A partir da Lagoa, nos A\u00e7ores, para o mundo.\",\"potentialAction\":[{\"@type\":\"SearchAction\",\"target\":{\"@type\":\"EntryPoint\",\"urlTemplate\":\"https:\/\/diariodalagoa.pt\/?s={search_term_string}\"},\"query-input\":\"required name=search_term_string\"}],\"inLanguage\":\"en-US\"}]}<\/script>\n<!-- \/ Yoast SEO plugin. -->","yoast_head_json":{"title":"Ficha T\u00e9cnica - Di\u00e1rio da Lagoa","description":"Descubra na nossa ficha t\u00e9cnica todos os elementos que descrevem a constitui\u00e7\u00e3o do Di\u00e1rio da Lagoa. Dos A\u00e7ores para o mundo.","robots":{"index":"index","follow":"follow","max-snippet":"max-snippet:-1","max-image-preview":"max-image-preview:large","max-video-preview":"max-video-preview:-1"},"canonical":"https:\/\/diariodalagoa.pt\/en\/ficha-tecnica\/","og_locale":"en_US","og_type":"article","og_title":"Ficha T\u00e9cnica - Di\u00e1rio da Lagoa","og_description":"Descubra na nossa ficha t\u00e9cnica todos os elementos que descrevem a constitui\u00e7\u00e3o do Di\u00e1rio da Lagoa. Dos A\u00e7ores para o mundo.","og_url":"https:\/\/diariodalagoa.pt\/en\/ficha-tecnica\/","og_site_name":"Di\u00e1rio da Lagoa","article_modified_time":"2026-04-16T17:25:42+00:00","twitter_card":"summary_large_image","twitter_misc":{"Est. reading time":"1 minute"},"schema":{"@context":"https:\/\/schema.org","@graph":[{"@type":"WebPage","@id":"https:\/\/diariodalagoa.pt\/ficha-tecnica\/","url":"https:\/\/diariodalagoa.pt\/ficha-tecnica\/","name":"Ficha T\u00e9cnica - Di\u00e1rio da Lagoa","isPartOf":{"@id":"https:\/\/diariodalagoa.pt\/#website"},"datePublished":"2023-06-21T16:40:00+00:00","dateModified":"2026-04-16T17:25:42+00:00","description":"Descubra na nossa ficha t\u00e9cnica todos os elementos que descrevem a constitui\u00e7\u00e3o do Di\u00e1rio da Lagoa. Dos A\u00e7ores para o mundo.","breadcrumb":{"@id":"https:\/\/diariodalagoa.pt\/ficha-tecnica\/#breadcrumb"},"inLanguage":"en-US","potentialAction":[{"@type":"ReadAction","target":["https:\/\/diariodalagoa.pt\/ficha-tecnica\/"]}]},{"@type":"BreadcrumbList","@id":"https:\/\/diariodalagoa.pt\/ficha-tecnica\/#breadcrumb","itemListElement":[{"@type":"ListItem","position":1,"name":"In\u00edcio","item":"https:\/\/diariodalagoa.pt\/"},{"@type":"ListItem","position":2,"name":"Ficha T\u00e9cnica"}]},{"@type":"WebSite","@id":"https:\/\/diariodalagoa.pt\/#website","url":"https:\/\/diariodalagoa.pt\/","name":"Di\u00e1rio da Lagoa","description":"Di\u00e1rio da Lagoa. As not\u00edcias que contam. A partir da Lagoa, nos A\u00e7ores, para o mundo.","potentialAction":[{"@type":"SearchAction","target":{"@type":"EntryPoint","urlTemplate":"https:\/\/diariodalagoa.pt\/?s={search_term_string}"},"query-input":"required name=search_term_string"}],"inLanguage":"en-US"}]}},"_links":{"self":[{"href":"https:\/\/diariodalagoa.pt\/en\/wp-json\/wp\/v2\/pages\/45"}],"collection":[{"href":"https:\/\/diariodalagoa.pt\/en\/wp-json\/wp\/v2\/pages"}],"about":[{"href":"https:\/\/diariodalagoa.pt\/en\/wp-json\/wp\/v2\/types\/page"}],"author":[{"embeddable":true,"href":"https:\/\/diariodalagoa.pt\/en\/wp-json\/wp\/v2\/users\/1"}],"replies":[{"embeddable":true,"href":"https:\/\/diariodalagoa.pt\/en\/wp-json\/wp\/v2\/comments?post=45"}],"version-history":[{"count":174,"href":"https:\/\/diariodalagoa.pt\/en\/wp-json\/wp\/v2\/pages\/45\/revisions"}],"predecessor-version":[{"id":163204,"href":"https:\/\/diariodalagoa.pt\/en\/wp-json\/wp\/v2\/pages\/45\/revisions\/163204"}],"wp:attachment":[{"href":"https:\/\/diariodalagoa.pt\/en\/wp-json\/wp\/v2\/media?parent=45"}],"curies":[{"name":"wp","href":"https:\/\/api.w.org\/{rel}","templated":true}]}}